{"id":1366,"date":"2017-11-21T18:42:12","date_gmt":"2017-11-21T18:42:12","guid":{"rendered":"https:\/\/avbmachinery.com\/serit-testere-bileme-makinasi\/"},"modified":"2025-10-08T08:17:28","modified_gmt":"2025-10-08T08:17:28","slug":"serit-testere-bileme-makinasi","status":"publish","type":"page","link":"https:\/\/avbmachinery.com\/es\/serit-testere-bileme-makinasi\/","title":{"rendered":"M\u00e1quina afiladora de sierras de cinta"},"content":{"rendered":"<p>[vc_row css_animation=\u00bb\u00bb row_type=\u00bbrow\u00bb use_row_as_full_screen_section=\u00bbno\u00bb type=\u00bbfull_width\u00bb angled_section=\u00bbno\u00bb text_align=\u00bbleft\u00bb background_image_as_pattern=\u00bbwithout_pattern\u00bb][vc_column][vc_single_image image=\u00bb1220&#8243; img_size=\u00bbfull\u00bb qode_css_animation=\u00bb\u00bb][\/vc_column][\/vc_row][vc_row css_animation=\u00bb\u00bb row_type=\u00bbrow\u00bb use_row_as_full_screen_section=\u00bbno\u00bb type=\u00bbfull_width\u00bb angled_section=\u00bbno\u00bb text_align=\u00bbleft\u00bb background_image_as_pattern=\u00bbwithout_pattern\u00bb background_color=\u00bb#0c3c49&#8243;][vc_column][vc_row_inner row_type=\u00bbrow\u00bb type=\u00bbgrid\u00bb text_align=\u00bbleft\u00bb padding_top=\u00bb10&#8243; padding_bottom=\u00bb10&#8243; css_animation=\u00bb\u00bb][vc_column_inner][vc_column_text]<\/p>\n<h1 style=\"text-align: left; color: #fff;\">AFILADORA DE SIERRAS DE CINTA<\/h1>\n<p>[\/vc_column_text][\/vc_column_inner][\/vc_row_inner][\/vc_column][\/vc_row][vc_row css_animation=\u00bb\u00bb row_type=\u00bbrow\u00bb use_row_as_full_screen_section=\u00bbno\u00bb type=\u00bbgrid\u00bb angled_section=\u00bbno\u00bb text_align=\u00bbleft\u00bb background_image_as_pattern=\u00bbwithout_pattern\u00bb padding_top=\u00bb30&#8243; padding_bottom=\u00bb30&#8243;][vc_column][vc_row_inner row_type=\u00bbrow\u00bb type=\u00bbfull_width\u00bb text_align=\u00bbleft\u00bb css_animation=\u00bb\u00bb][vc_column_inner width=\u00bb1\/2&#8243;][vc_single_image image=\u00bb1221&#8243; img_size=\u00bbfull\u00bb qode_css_animation=\u00bb\u00bb][\/vc_column_inner][vc_column_inner width=\u00bb1\/2&#8243;][vc_column_text]<strong>AVB-STB<br \/>\nAFILADORA AUTOM\u00c1TICA DE SIERRAS DE CINTA<\/strong><\/p>\n<p><em><strong>STB<\/strong><\/em><\/p>\n<p>Dependiendo del tipo de corte y su finalidad, STB est\u00e1 dise\u00f1ado para afilar diversas sierras de diferentes formas, anchos y espesores.<br \/>\nSTB&#8217; nin kompakt ve sa\u011flam bileme \u00fcnitesi hassas ve istikrarl\u0131 bileme sa\u011flar.<\/p>\n<p>&nbsp;<\/p>\n<p><strong>APUNTAR<\/strong><\/p>\n<p><img loading=\"lazy\" decoding=\"async\" class=\"size-medium wp-image-102 alignnone\" src=\"http:\/\/avbmachinery.com\/wp-content\/uploads\/2017\/11\/serit-testere-bileme-makinasi-7-300x131.jpg\" alt=\"\" width=\"300\" height=\"131\" srcset=\"https:\/\/avbmachinery.com\/wp-content\/uploads\/2017\/11\/serit-testere-bileme-makinasi-7-300x131.jpg 300w, https:\/\/avbmachinery.com\/wp-content\/uploads\/2017\/11\/serit-testere-bileme-makinasi-7.jpg 450w\" sizes=\"(max-width: 300px) 100vw, 300px\" \/><\/p>\n<p><strong>Caracter\u00edsticas generales del STB:<\/strong><\/p>\n<p>\u2022 \u00a0Afiladora autom\u00e1tica de sierras de cinta hasta 200 mm de ancho de cinta.<\/p>\n<p>\u2022 Afilado en seco.<\/p>\n<p><strong>Interruptor de encendido\/apagado<\/strong><\/p>\n<p>\u2022 Paso m\u00e1ximo de dientes de 60 mm<\/p>\n<p>\u2022 Afilado r\u00e1pido y preciso de formas de dientes NV, PV, KV.<\/p>\n<p>\u2022 Cabezal de rectificado desplaz\u00e1ndose sobre gu\u00edas lineales.<\/p>\n<p>\u2022 Lubricaci\u00f3n central manual.<\/p>\n<p>\u2022 Movimiento manual de la herramienta frontal del porta sierra.<\/p>\n<p>\u2022 Dispositivos opcionales para afilar sierras circulares (HSS) y de banda.<\/p>\n<p>&nbsp;<\/p>\n<p><strong>Capacidad: <\/strong>Se afilan un promedio de 30 sierras de cinta al d\u00eda.[\/vc_column_text][\/vc_column_inner][\/vc_row_inner][vc_empty_space height=\u00bb25px\u00bb][\/vc_column][\/vc_row][vc_row css_animation=\u00bb\u00bb row_type=\u00bbrow\u00bb use_row_as_full_screen_section=\u00bbno\u00bb type=\u00bbgrid\u00bb angled_section=\u00bbno\u00bb text_align=\u00bbleft\u00bb background_image_as_pattern=\u00bbwithout_pattern\u00bb][vc_column width=\u00bb1\/2&#8243;][vc_column_text]<strong>STB\u00a0<\/strong><strong>Especificaciones t\u00e9cnicas:<\/strong><\/p>\n<table style=\"height: 917px;\" width=\"467\">\n<tbody>\n<tr>\n<td width=\"262\">\u00a0\u00a0 Ancho de sierra de cinta<\/td>\n<td width=\"199\">15-200mm<\/td>\n<\/tr>\n<tr>\n<td width=\"262\">\u00a0\u00a0 Paso de diente<\/td>\n<td width=\"199\">5-60mm<\/td>\n<\/tr>\n<tr>\n<td width=\"262\">\u00a0\u00a0 Profundidad de la banda de rodadura<\/td>\n<td width=\"199\">M\u00e1ximo 30mm<\/td>\n<\/tr>\n<tr>\n<td width=\"262\">\u00a0\u00a0 Formas de los dientes<\/td>\n<td width=\"199\">PV, NV, KV, PU, NU<\/td>\n<\/tr>\n<tr>\n<td width=\"262\">\u00a0\u00a0 \u00c1ngulo del pecho<\/td>\n<td width=\"199\">(-50\u00b0) (+20\u00b0)<\/td>\n<\/tr>\n<tr>\n<td width=\"262\">\u00a0\u00a0 Espesor de la sierra<\/td>\n<td width=\"199\">0.6 \u2013 3.2mm<\/td>\n<\/tr>\n<tr>\n<td width=\"262\">\u00a0\u00a0 Tasa de progreso<\/td>\n<td width=\"199\">45 di\u015f\/dk.<\/td>\n<\/tr>\n<tr>\n<td width=\"262\">\u00a0\u00a0 N\u00famero de motores<\/td>\n<td width=\"199\">2<\/td>\n<\/tr>\n<tr>\n<td width=\"262\">\u00a0\u00a0 Di\u00e1metro exterior de la piedra de afilar<\/td>\n<td width=\"199\">\u00d8200mm<\/td>\n<\/tr>\n<tr>\n<td width=\"262\">\u00a0\u00a0 Di\u00e1metro del orificio de la piedra de afilar<\/td>\n<td width=\"199\">\u00d820mm<\/td>\n<\/tr>\n<tr>\n<td width=\"262\">\u00a0\u00a0 Grosor de la piedra de afilar<\/td>\n<td width=\"199\">8\/10\/13mm<strong>\u00a0\u00a0\u00a0\u00a0\u00a0 <\/strong><\/td>\n<\/tr>\n<tr>\n<td width=\"262\">\u00a0\u00a0 Voltaje de funcionamiento<\/td>\n<td width=\"199\">380V, 3 faz, 50-60Hz<\/td>\n<\/tr>\n<tr>\n<td width=\"262\">\u00a0\u00a0 Potencia total<\/td>\n<td width=\"199\">~1,5 kW<\/td>\n<\/tr>\n<tr>\n<td width=\"262\">\u00a0\u00a0 Peso neto\/bruto<\/td>\n<td width=\"199\">350\/375kg<\/td>\n<\/tr>\n<tr>\n<td width=\"262\">\u00a0\u00a0 Dimensiones<\/td>\n<td width=\"199\">80*120*170cm<\/td>\n<\/tr>\n<\/tbody>\n<\/table>\n<p>[\/vc_column_text][\/vc_column][vc_column width=\u00bb1\/2&#8243;][vc_column_text]<strong>Piedra de afilar: <\/strong><\/p>\n<p style=\"text-align: right;\"><img loading=\"lazy\" decoding=\"async\" class=\"wp-image-104 size-full alignleft\" src=\"http:\/\/avbmachinery.com\/wp-content\/uploads\/2017\/11\/serit-testere-bileme-makinasi-6.jpg\" alt=\"\" width=\"450\" height=\"161\" srcset=\"https:\/\/avbmachinery.com\/wp-content\/uploads\/2017\/11\/serit-testere-bileme-makinasi-6.jpg 450w, https:\/\/avbmachinery.com\/wp-content\/uploads\/2017\/11\/serit-testere-bileme-makinasi-6-300x107.jpg 300w\" sizes=\"(max-width: 450px) 100vw, 450px\" \/><\/p>\n<p>[\/vc_column_text][vc_column_text]<strong>STB\u00a0<\/strong><strong>Piedra de carteles:<\/strong><\/p>\n<p>\u2212 Motor de piedra de afilar \u2013 0,55kW 1400 rpm.<br \/>\n\u2212 Motor de transmisi\u00f3n \u2013 0,55kW 1400 rpm.[\/vc_column_text][vc_column_text]<strong>STB\u00a0<\/strong><strong>Di\u015f formlar\u0131:<\/strong><\/p>\n<p><img loading=\"lazy\" decoding=\"async\" class=\"wp-image-103 size-full\" src=\"http:\/\/avbmachinery.com\/wp-content\/uploads\/2017\/11\/serit-testere-bileme-makinasi-5.jpg\" alt=\"\" width=\"450\" height=\"244\" srcset=\"https:\/\/avbmachinery.com\/wp-content\/uploads\/2017\/11\/serit-testere-bileme-makinasi-5.jpg 450w, https:\/\/avbmachinery.com\/wp-content\/uploads\/2017\/11\/serit-testere-bileme-makinasi-5-300x163.jpg 300w\" sizes=\"(max-width: 450px) 100vw, 450px\" \/>[\/vc_column_text][\/vc_column][\/vc_row][vc_row css_animation=\u00bb\u00bb row_type=\u00bbrow\u00bb use_row_as_full_screen_section=\u00bbno\u00bb type=\u00bbgrid\u00bb angled_section=\u00bbno\u00bb text_align=\u00bbleft\u00bb background_image_as_pattern=\u00bbwithout_pattern\u00bb][vc_column][vc_empty_space height=\u00bb25px\u00bb][\/vc_column][\/vc_row][vc_row css_animation=\u00bb\u00bb row_type=\u00bbrow\u00bb use_row_as_full_screen_section=\u00bbno\u00bb type=\u00bbgrid\u00bb angled_section=\u00bbno\u00bb text_align=\u00bbleft\u00bb background_image_as_pattern=\u00bbwithout_pattern\u00bb][vc_column][vc_gallery type=\u00bbimage_grid\u00bb images=\u00bb1223,1224,1225&#8243; column_number=\u00bb3&#8243; grayscale=\u00bbno\u00bb images_space=\u00bbgallery_with_space\u00bb][\/vc_column][\/vc_row][vc_row css_animation=\u00bb\u00bb row_type=\u00bbrow\u00bb use_row_as_full_screen_section=\u00bbno\u00bb type=\u00bbgrid\u00bb angled_section=\u00bbno\u00bb text_align=\u00bbleft\u00bb background_image_as_pattern=\u00bbwithout_pattern\u00bb][vc_column width=\u00bb1\/2&#8243;][vc_column_text]<iframe loading=\"lazy\" src=\"https:\/\/www.youtube.com\/embed\/hTXBnfr3PwQ?rel=0\" width=\"560\" height=\"315\" frameborder=\"0\" allowfullscreen=\"allowfullscreen\"><\/iframe>[\/vc_column_text][vc_empty_space height=\u00bb25px\u00bb][\/vc_column][vc_column width=\u00bb1\/2&#8243;][vc_column_text]<iframe loading=\"lazy\" src=\"https:\/\/www.youtube.com\/embed\/Rl3UJTQ9pDQ?rel=0\" width=\"560\" height=\"315\" frameborder=\"0\" allowfullscreen=\"allowfullscreen\"><\/iframe>[\/vc_column_text][\/vc_column][\/vc_row]<\/p>\n","protected":false},"excerpt":{"rendered":"<p>[vc_row css_animation=\u00bb\u00bb row_type=\u00bbrow\u00bb use_row_as_full_screen_section=\u00bbno\u00bb type=\u00bbfull_width\u00bb angled_section=\u00bbno\u00bb text_align=\u00bbleft\u00bb background_image_as_pattern=\u00bbwithout_pattern\u00bb][vc_column][vc_single_image image=\u00bb1220&#8243; img_size=\u00bbfull\u00bb qode_css_animation=\u00bb\u00bb][\/vc_column][\/vc_row][vc_row css_animation=\u00bb\u00bb row_type=\u00bbrow\u00bb use_row_as_full_screen_section=\u00bbno\u00bb type=\u00bbfull_width\u00bb angled_section=\u00bbno\u00bb text_align=\u00bbleft\u00bb background_image_as_pattern=\u00bbwithout_pattern\u00bb background_color=\u00bb#0c3c49&#8243;][vc_column][vc_row_inner row_type=\u00bbrow\u00bb type=\u00bbgrid\u00bb text_align=\u00bbleft\u00bb padding_top=\u00bb10&#8243; padding_bottom=\u00bb10&#8243; css_animation=\u00bb\u00bb][vc_column_inner][vc_column_text] AFILADORA DE SIERRAS DE CINTA [\/vc_column_text][\/vc_column_inner][\/vc_row_inner][\/vc_column][\/vc_row][vc_row css_animation=\u00bb\u00bb row_type=\u00bbrow\u00bb use_row_as_full_screen_section=\u00bbno\u00bb type=\u00bbgrid\u00bb angled_section=\u00bbno\u00bb text_align=\u00bbleft\u00bb background_image_as_pattern=\u00bbwithout_pattern\u00bb padding_top=\u00bb30&#8243; padding_bottom=\u00bb30&#8243;][vc_column][vc_row_inner row_type=\u00bbrow\u00bb type=\u00bbfull_width\u00bb text_align=\u00bbleft\u00bb css_animation=\u00bb\u00bb][vc_column_inner width=\u00bb1\/2&#8243;][vc_single_image&#8230;<\/p>\n","protected":false},"author":1,"featured_media":0,"parent":0,"menu_order":0,"comment_status":"closed","ping_status":"closed","template":"full_width.php","meta":{"footnotes":""},"class_list":["post-1366","page","type-page","status-publish","hentry"],"_links":{"self":[{"href":"https:\/\/avbmachinery.com\/es\/wp-json\/wp\/v2\/pages\/1366"}],"collection":[{"href":"https:\/\/avbmachinery.com\/es\/wp-json\/wp\/v2\/pages"}],"about":[{"href":"https:\/\/avbmachinery.com\/es\/wp-json\/wp\/v2\/types\/page"}],"author":[{"embeddable":true,"href":"https:\/\/avbmachinery.com\/es\/wp-json\/wp\/v2\/users\/1"}],"replies":[{"embeddable":true,"href":"https:\/\/avbmachinery.com\/es\/wp-json\/wp\/v2\/comments?post=1366"}],"version-history":[{"count":2,"href":"https:\/\/avbmachinery.com\/es\/wp-json\/wp\/v2\/pages\/1366\/revisions"}],"predecessor-version":[{"id":1376,"href":"https:\/\/avbmachinery.com\/es\/wp-json\/wp\/v2\/pages\/1366\/revisions\/1376"}],"wp:attachment":[{"href":"https:\/\/avbmachinery.com\/es\/wp-json\/wp\/v2\/media?parent=1366"}],"curies":[{"name":"wp","href":"https:\/\/api.w.org\/{rel}","templated":true}]}}