{"id":1347,"date":"2017-11-23T07:55:24","date_gmt":"2017-11-23T07:55:24","guid":{"rendered":"https:\/\/avbmachinery.com\/kurutma-unitesi\/"},"modified":"2025-10-08T07:47:26","modified_gmt":"2025-10-08T07:47:26","slug":"kurutma-unitesi","status":"publish","type":"page","link":"https:\/\/avbmachinery.com\/es\/kurutma-unitesi\/","title":{"rendered":"Unidad de secado"},"content":{"rendered":"<p>[vc_row css_animation=\u00bb\u00bb row_type=\u00bbrow\u00bb use_row_as_full_screen_section=\u00bbno\u00bb type=\u00bbfull_width\u00bb angled_section=\u00bbno\u00bb text_align=\u00bbleft\u00bb background_image_as_pattern=\u00bbwithout_pattern\u00bb][vc_column][vc_single_image image=\u00bb968&#8243; img_size=\u00bbfull\u00bb qode_css_animation=\u00bb\u00bb][\/vc_column][\/vc_row][vc_row css_animation=\u00bb\u00bb row_type=\u00bbrow\u00bb use_row_as_full_screen_section=\u00bbno\u00bb type=\u00bbfull_width\u00bb angled_section=\u00bbno\u00bb text_align=\u00bbleft\u00bb background_image_as_pattern=\u00bbwithout_pattern\u00bb background_color=\u00bb#0c3c49&#8243; padding_top=\u00bb0&#8243; padding_bottom=\u00bb0&#8243;][vc_column][vc_row_inner row_type=\u00bbrow\u00bb type=\u00bbgrid\u00bb text_align=\u00bbleft\u00bb padding_top=\u00bb10&#8243; padding_bottom=\u00bb10&#8243; css_animation=\u00bb\u00bb][vc_column_inner][vc_column_text]<\/p>\n<h1 style=\"text-align: left; color: #ffffff;\">UNIDAD DE SECADO<\/h1>\n<p>[\/vc_column_text][\/vc_column_inner][\/vc_row_inner][\/vc_column][\/vc_row][vc_row css_animation=\u00bb\u00bb row_type=\u00bbrow\u00bb use_row_as_full_screen_section=\u00bbno\u00bb type=\u00bbgrid\u00bb angled_section=\u00bbno\u00bb text_align=\u00bbleft\u00bb background_image_as_pattern=\u00bbwithout_pattern\u00bb padding_top=\u00bb30&#8243; padding_bottom=\u00bb30&#8243;][vc_column][vc_empty_space height=\u00bb25px\u00bb][vc_row_inner row_type=\u00bbrow\u00bb type=\u00bbfull_width\u00bb text_align=\u00bbleft\u00bb css_animation=\u00bb\u00bb][vc_column_inner width=\u00bb1\/2&#8243;][vc_single_image image=\u00bb186&#8243; img_size=\u00bbfull\u00bb qode_css_animation=\u00bb\u00bb][\/vc_column_inner][vc_column_inner width=\u00bb1\/2&#8243;][vc_column_text]<strong>Descripci\u00f3n general del secador de virutas de madera:<\/strong><\/p>\n<p>&nbsp;<\/p>\n<p>Tambi\u00e9n conocido como secador de aserr\u00edn, el secador de aserr\u00edn de madera es el equipo clave para el secado de astillas de madera y sistemas de aserr\u00edn. Puede secar astillas de madera con una humedad desde un 40-50 % hasta un 8-15 %, lo que las hace aptas para el almacenamiento, el transporte o seg\u00fan las necesidades del cliente. El contenido de humedad de las astillas de madera se compone principalmente de agua libre y agua biol\u00f3gica. El agua libre se evapora f\u00e1cilmente, pero el agua biol\u00f3gica es dif\u00edcil de eliminar.<\/p>\n<p>&nbsp;<\/p>\n<p>Los secadores rotativos se han aplicado con \u00e9xito para deshidratar una amplia gama de s\u00f3lidos de biomasa, incluidos aserr\u00edn, astillas de madera, biomasa s\u00f3lida, c\u00e1scaras de arroz, esti\u00e9rcol, orujo de aceituna, etc. El sistema de secador de tambor rotatorio ha demostrado ser un m\u00e9todo ideal para secar astillas de madera.[\/vc_column_text][\/vc_column_inner][\/vc_row_inner][\/vc_column][\/vc_row][vc_row css_animation=\u00bb\u00bb row_type=\u00bbrow\u00bb use_row_as_full_screen_section=\u00bbno\u00bb type=\u00bbgrid\u00bb angled_section=\u00bbno\u00bb text_align=\u00bbleft\u00bb background_image_as_pattern=\u00bbwithout_pattern\u00bb][vc_column][vc_empty_space height=\u00bb1px\u00bb][vc_column_text]Los secadores de tambor de una sola pasada tienen una amplia gama de aplicaciones en las industrias de miner\u00eda, fertilizantes, qu\u00edmica, piensos, alimentaci\u00f3n, metalurgia y materiales de construcci\u00f3n. Son adecuados para arcilla, cenizas volantes, polvo de carb\u00f3n, escoria, arena, yeso, fluorita, concentraci\u00f3n por flotaci\u00f3n y otros materiales. En los \u00faltimos a\u00f1os, el secador se ha expandido al secado de biomasa en la producci\u00f3n de pellets. Materiales como aserr\u00edn, virutas de madera, vides, ddgs, orujo de manzana, orujo de aceituna, alfalfa y busa pueden procesarse con la tecnolog\u00eda de secado de tambor.<\/p>\n<p>&nbsp;<\/p>\n<p>Las virutas de madera seca se utilizan en paneles OSB, aserr\u00edn para lechos de caballos y de aves de corral, pellets de biomasa y materias primas para papel. Un secador o tambor de virutas de madera puede reducir con precisi\u00f3n el contenido de humedad controlando la velocidad de alimentaci\u00f3n, la velocidad de rotaci\u00f3n, la temperatura, el tiempo de residencia, etc. Estos procesos se realizan mediante sistemas de control de velocidad que controlan los motores ubicados en el panel de control del tambor giratorio.<\/p>\n<p>&nbsp;<\/p>\n<p><strong>Ventajas del secado de astillas de madera:<\/strong><\/p>\n<p>&#8211;<strong> Ahorro de energ\u00eda:<\/strong> Es m\u00e1s econ\u00f3mico si se tienen en cuenta los costes de combustible.<\/p>\n<p>&#8211; Gran intensidad de secado. Dado que el aire caliente de la unidad de calentamiento de virutas de madera se distribuye uniformemente dentro del tambor, genera un excelente efecto de secado en la superficie de las virutas (o trozos).<\/p>\n<p>&#8211; Tiempo de secado corto<\/p>\n<p>&#8211; Estructura compacta, menor espacio ocupado, f\u00e1cil instalaci\u00f3n y mantenimiento.<\/p>\n<p>&#8211; Gran capacidad, alta eficiencia t\u00e9rmica.<\/p>\n<p>&#8211; Aserr\u00edn de calidad: Aserr\u00edn con baja tasa de rotura y sin olor a gases de combusti\u00f3n.<\/p>\n<p>&#8211; Alto nivel mec\u00e1nico, alta capacidad, funcionamiento continuo.<\/p>\n<p>&#8211; Estructura robusta, simple, funcionamiento estable, f\u00e1cil de usar.<\/p>\n<p>&#8211; Bajo mal funcionamiento, bajo mantenimiento, bajo consumo de energ\u00eda.<\/p>\n<p>&#8211; Amplia aplicaci\u00f3n, secado uniforme.<\/p>\n<p>&nbsp;<\/p>\n<p><strong>Principio de funcionamiento del secador de virutas de madera:<\/strong><\/p>\n<p>&#8211; El material h\u00famedo pasa a trav\u00e9s del tambor en el flujo de aire caliente creado por el ventilador del horno del dispositivo de secado de virutas de madera.<\/p>\n<p>&#8211; Las astillas de madera son transportadas continuamente por aletas internas que giran de abajo a arriba con el gas caliente hasta la parte superior del cilindro. La humedad se libera continuamente a medida que se desplaza por la corriente de aire caliente.<\/p>\n<p>&#8211; Las astillas de madera se mueven m\u00e1s lentamente a trav\u00e9s del cilindro gracias a la velocidad del ventilador accionado en el extremo de descarga. Los gases de escape calientes y h\u00famedos (vapor de agua) se separan del producto seco en el separador cicl\u00f3nico primario, y las astillas de madera secas caen desde el fondo a una criba vibratoria para eliminar el polvo fino. (Tenga en cuenta que el ventilador de refrigeraci\u00f3n secundario opcional y el colector cicl\u00f3nico pueden eliminar algunos puntos de humedad adicionales en condiciones ambientales favorables).<\/p>\n<p>&#8211; El control preciso de la temperatura del aire de escape garantiza un control preciso de la humedad sin deteriorar el producto. Los controles reaccionan al instante a cualquier cambio de temperatura y ajustan inmediatamente la entrada de calor para garantizar un secado uniforme y un control preciso del contenido de humedad del producto terminado.<\/p>\n<p>&#8211; Si el producto es fr\u00e1gil, se puede utilizar un sistema de aire negativo, con una esclusa de aire instalada debajo del colector cicl\u00f3nico primario y un ventilador de tiro inducido colocado debajo para evitar la fragmentaci\u00f3n del producto al pasar por el ventilador. Sin embargo, no recomendamos esta soluci\u00f3n con ciertos tipos de madera, ya que las resinas presentes en el escape caliente y h\u00famedo pueden acumularse r\u00e1pidamente en las paredes laterales de la tuber\u00eda, dificultando la limpieza.<\/p>\n<p>&nbsp;<\/p>\n<p><strong>Los problemas comunes con las secadoras de virutas de madera incluyen:<\/strong><\/p>\n<p>&#8211; Medici\u00f3n de humedad en el punto de salida de alta humedad.<\/p>\n<p>&#8211; Muchas operaciones incorrectas causan esta situaci\u00f3n, como un alto contenido de humedad en el alimento, demasiada entrada de alimento, alta velocidad de rotaci\u00f3n, baja temperatura ambiente de secado, baja tasa de flujo de aire, puerta de ventilaci\u00f3n demasiado peque\u00f1a o grande, etc. Dado que la temperatura de salida est\u00e1 relacionada con el contenido de humedad, los trabajadores pueden cambiar la situaci\u00f3n monitoreando la temperatura de salida.<\/p>\n<p>&#8211; Fluctuaci\u00f3n en la humedad de salida.<\/p>\n<p>&#8211; La raz\u00f3n principal es el cambio en la velocidad de alimentaci\u00f3n y el contenido de humedad inconsistente de las virutas h\u00famedas.<\/p>\n<p>&#8211; Fallo en la capacidad dise\u00f1ada.<\/p>\n<p>Un alto contenido de humedad inicial, una temperatura ambiente baja, una velocidad de rotaci\u00f3n baja del secador de virutas de madera, una temperatura de entrada baja, un caudal de aire bajo y una puerta de ventilaci\u00f3n demasiado grande pueden causar esto.<\/p>\n<p>&#8211; Sobrecarga del sistema de accionamiento<\/p>\n<p>&#8211; La secadora de virutas de madera funciona por debajo de la velocidad m\u00e1s baja del motor de velocidad ajustable de par constante.<\/p>\n<p>AVB Machinery Ind. Ltd. es un fabricante profesional de secadores rotativos en Turqu\u00eda. Hemos instalado sistemas de secado de virutas de madera en numerosas provincias. No dude en contactarnos para obtener asistencia t\u00e9cnica.[\/vc_column_text][vc_separator type=\u00bbtransparent\u00bb down=\u00bb20&#8243;][\/vc_column][\/vc_row][vc_row css_animation=\u00bb\u00bb row_type=\u00bbrow\u00bb use_row_as_full_screen_section=\u00bbno\u00bb type=\u00bbgrid\u00bb angled_section=\u00bbno\u00bb text_align=\u00bbleft\u00bb background_image_as_pattern=\u00bbwithout_pattern\u00bb][vc_column][vc_gallery type=\u00bbimage_grid\u00bb images=\u00bb1184,1191,1183,1186,1187,1188,1189,1190&#8243; column_number=\u00bb4&#8243; grayscale=\u00bbno\u00bb images_space=\u00bbgallery_with_space\u00bb][\/vc_column][\/vc_row]<\/p>\n","protected":false},"excerpt":{"rendered":"<p>[vc_row css_animation=\u00bb\u00bb row_type=\u00bbrow\u00bb use_row_as_full_screen_section=\u00bbno\u00bb type=\u00bbfull_width\u00bb angled_section=\u00bbno\u00bb text_align=\u00bbleft\u00bb background_image_as_pattern=\u00bbwithout_pattern\u00bb][vc_column][vc_single_image image=\u00bb968&#8243; img_size=\u00bbfull\u00bb qode_css_animation=\u00bb\u00bb][\/vc_column][\/vc_row][vc_row css_animation=\u00bb\u00bb row_type=\u00bbrow\u00bb use_row_as_full_screen_section=\u00bbno\u00bb type=\u00bbfull_width\u00bb angled_section=\u00bbno\u00bb text_align=\u00bbleft\u00bb background_image_as_pattern=\u00bbwithout_pattern\u00bb background_color=\u00bb#0c3c49&#8243; padding_top=\u00bb0&#8243; padding_bottom=\u00bb0&#8243;][vc_column][vc_row_inner row_type=\u00bbrow\u00bb type=\u00bbgrid\u00bb text_align=\u00bbleft\u00bb padding_top=\u00bb10&#8243; padding_bottom=\u00bb10&#8243; css_animation=\u00bb\u00bb][vc_column_inner][vc_column_text] UNIDAD DE SECADO [\/vc_column_text][\/vc_column_inner][\/vc_row_inner][\/vc_column][\/vc_row][vc_row css_animation=\u00bb\u00bb row_type=\u00bbrow\u00bb use_row_as_full_screen_section=\u00bbno\u00bb type=\u00bbgrid\u00bb angled_section=\u00bbno\u00bb text_align=\u00bbleft\u00bb background_image_as_pattern=\u00bbwithout_pattern\u00bb padding_top=\u00bb30&#8243; padding_bottom=\u00bb30&#8243;][vc_column][vc_empty_space height=\u00bb25px\u00bb][vc_row_inner row_type=\u00bbrow\u00bb type=\u00bbfull_width\u00bb text_align=\u00bbleft\u00bb css_animation=\u00bb\u00bb][vc_column_inner&#8230;<\/p>\n","protected":false},"author":1,"featured_media":0,"parent":0,"menu_order":0,"comment_status":"closed","ping_status":"closed","template":"full_width.php","meta":{"footnotes":""},"class_list":["post-1347","page","type-page","status-publish","hentry"],"_links":{"self":[{"href":"https:\/\/avbmachinery.com\/es\/wp-json\/wp\/v2\/pages\/1347"}],"collection":[{"href":"https:\/\/avbmachinery.com\/es\/wp-json\/wp\/v2\/pages"}],"about":[{"href":"https:\/\/avbmachinery.com\/es\/wp-json\/wp\/v2\/types\/page"}],"author":[{"embeddable":true,"href":"https:\/\/avbmachinery.com\/es\/wp-json\/wp\/v2\/users\/1"}],"replies":[{"embeddable":true,"href":"https:\/\/avbmachinery.com\/es\/wp-json\/wp\/v2\/comments?post=1347"}],"version-history":[{"count":2,"href":"https:\/\/avbmachinery.com\/es\/wp-json\/wp\/v2\/pages\/1347\/revisions"}],"predecessor-version":[{"id":1349,"href":"https:\/\/avbmachinery.com\/es\/wp-json\/wp\/v2\/pages\/1347\/revisions\/1349"}],"wp:attachment":[{"href":"https:\/\/avbmachinery.com\/es\/wp-json\/wp\/v2\/media?parent=1347"}],"curies":[{"name":"wp","href":"https:\/\/api.w.org\/{rel}","templated":true}]}}