{"id":1344,"date":"2017-11-24T13:30:56","date_gmt":"2017-11-24T13:30:56","guid":{"rendered":"https:\/\/avbmachinery.com\/paketleme-makinasi\/"},"modified":"2025-10-08T07:42:25","modified_gmt":"2025-10-08T07:42:25","slug":"paketleme-makinasi","status":"publish","type":"page","link":"https:\/\/avbmachinery.com\/es\/paketleme-makinasi\/","title":{"rendered":"M\u00e1quina de embalaje"},"content":{"rendered":"<p>[vc_row css_animation=\u00bb\u00bb row_type=\u00bbrow\u00bb use_row_as_full_screen_section=\u00bbno\u00bb type=\u00bbfull_width\u00bb angled_section=\u00bbno\u00bb text_align=\u00bbleft\u00bb background_image_as_pattern=\u00bbwithout_pattern\u00bb][vc_column][vc_single_image image=\u00bb993&#8243; img_size=\u00bbfull\u00bb qode_css_animation=\u00bb\u00bb][\/vc_column][\/vc_row][vc_row css_animation=\u00bb\u00bb row_type=\u00bbrow\u00bb use_row_as_full_screen_section=\u00bbno\u00bb type=\u00bbfull_width\u00bb angled_section=\u00bbno\u00bb text_align=\u00bbleft\u00bb background_image_as_pattern=\u00bbwithout_pattern\u00bb background_color=\u00bb#0c3c49&#8243;][vc_column][vc_row_inner row_type=\u00bbrow\u00bb type=\u00bbgrid\u00bb text_align=\u00bbleft\u00bb padding_top=\u00bb10&#8243; padding_bottom=\u00bb10&#8243; css_animation=\u00bb\u00bb][vc_column_inner][vc_column_text]<\/p>\n<h1 style=\"text-align: left; color: #fff;\">M\u00c1QUINA DE ENVASADO<\/h1>\n<p>[\/vc_column_text][\/vc_column_inner][\/vc_row_inner][\/vc_column][\/vc_row][vc_row css_animation=\u00bb\u00bb row_type=\u00bbrow\u00bb use_row_as_full_screen_section=\u00bbno\u00bb type=\u00bbgrid\u00bb angled_section=\u00bbno\u00bb text_align=\u00bbleft\u00bb background_image_as_pattern=\u00bbwithout_pattern\u00bb padding_top=\u00bb30&#8243; padding_bottom=\u00bb30&#8243;][vc_column][vc_empty_space height=\u00bb25px\u00bb][vc_row_inner row_type=\u00bbrow\u00bb type=\u00bbfull_width\u00bb text_align=\u00bbleft\u00bb css_animation=\u00bb\u00bb][vc_column_inner width=\u00bb1\/2&#8243;][vc_single_image image=\u00bb1125&#8243; img_size=\u00bbfull\u00bb qode_css_animation=\u00bb\u00bb][\/vc_column_inner][vc_column_inner width=\u00bb1\/2&#8243;][vc_column_text]<strong>Caracter\u00edsticas generales;<\/strong><\/p>\n<p>Permite prensar y envasar productos como virutas de madera, cascarilla de arroz, paja, etc., en los kilogramos deseados y enviarlos de forma que se optimiza el transporte. Esto supone una ventaja significativa, especialmente para las empresas exportadoras, en cuanto a la carga de contenedores.<\/p>\n<p>&nbsp;<\/p>\n<p>Podemos desarrollar soluciones personalizadas para empresas que deseen producir y prensar diversos productos en pacas. Tambi\u00e9n ofrecemos soluciones a nuestros agricultores con m\u00e1quinas envasadoras m\u00f3viles dise\u00f1adas para el envasado de paja.<\/p>\n<p>&nbsp;<\/p>\n<p><strong>ESPECIFICACIONES T\u00c9CNICAS DE LA M\u00c1QUINA ENVASADORA DE VIRUTAS DE MADERA<\/strong><\/p>\n<p><strong>Producto:<\/strong> Virutas de madera<\/p>\n<p><strong>Peso del paquete:<\/strong> 18\/24 KG<\/p>\n<p><strong>Film:<\/strong> PE<\/p>\n<p><strong>Cantidad de producci\u00f3n:<\/strong> 2 bales \/ min.<\/p>\n<p><strong>Producci\u00f3n horaria:<\/strong> 1,5-2,5 toneladas\/hora<\/p>\n<p><strong>Dimensiones de la paca:<\/strong> 750*400*300 mm<\/p>\n<p><strong>Volumen prensado:<\/strong> 600 Litros.<\/p>\n<p><strong>Presi\u00f3n de aire:<\/strong> 6\u20138 Bares<\/p>\n<p><strong>Motor el\u00e9ctrico:<\/strong> Kw 18.5 (22 CV)<\/p>\n<p><strong>Color:<\/strong> RAL 7035-7015<\/p>\n<p><strong>Alimentaci\u00f3n de material:<\/strong> Cinta transportadora o tornillo sin fin<\/p>\n<p><strong>Presi\u00f3n m\u00e1xima:<\/strong> 50 toneladas<\/p>\n<p><strong>Capacidad del dep\u00f3sito hidr\u00e1ulico:<\/strong> 300 Litros<\/p>\n<p><strong>Voltaje del motor:<\/strong> 380 V 50-60 Hz<\/p>\n<p><strong>Peso de la m\u00e1quina:<\/strong> 2500 KG<\/p>\n<p><strong>N\u00famero m\u00e1ximo de pacas por hora:<\/strong> 120[\/vc_column_text][\/vc_column_inner][\/vc_row_inner][\/vc_column][\/vc_row][vc_row css_animation=\u00bb\u00bb row_type=\u00bbrow\u00bb use_row_as_full_screen_section=\u00bbno\u00bb type=\u00bbgrid\u00bb angled_section=\u00bbno\u00bb text_align=\u00bbleft\u00bb background_image_as_pattern=\u00bbwithout_pattern\u00bb][vc_column][vc_empty_space height=\u00bb25px\u00bb][vc_gallery type=\u00bbimage_grid\u00bb images=\u00bb1002,1003,1004,1005,1006,1007,1008,1009,1084,1086,1087,1083,1085,1082,1081&#8243; img_size=\u00bb300&#215;225&#8243; column_number=\u00bb4&#8243; grayscale=\u00bbno\u00bb images_space=\u00bbgallery_with_space\u00bb][\/vc_column][\/vc_row][vc_row css_animation=\u00bb\u00bb row_type=\u00bbrow\u00bb use_row_as_full_screen_section=\u00bbno\u00bb type=\u00bbgrid\u00bb angled_section=\u00bbno\u00bb text_align=\u00bbleft\u00bb background_image_as_pattern=\u00bbwithout_pattern\u00bb][vc_column][vc_empty_space height=\u00bb25px\u00bb][vc_video link=\u00bbhttps:\/\/www.youtube.com\/watch?v=mjfUK4mQRDo\u00bb align=\u00bbcenter\u00bb][vc_empty_space height=\u00bb25px\u00bb][\/vc_column][\/vc_row]<\/p>\n","protected":false},"excerpt":{"rendered":"<p>[vc_row css_animation=\u00bb\u00bb row_type=\u00bbrow\u00bb use_row_as_full_screen_section=\u00bbno\u00bb type=\u00bbfull_width\u00bb angled_section=\u00bbno\u00bb text_align=\u00bbleft\u00bb background_image_as_pattern=\u00bbwithout_pattern\u00bb][vc_column][vc_single_image image=\u00bb993&#8243; img_size=\u00bbfull\u00bb qode_css_animation=\u00bb\u00bb][\/vc_column][\/vc_row][vc_row css_animation=\u00bb\u00bb row_type=\u00bbrow\u00bb use_row_as_full_screen_section=\u00bbno\u00bb type=\u00bbfull_width\u00bb angled_section=\u00bbno\u00bb text_align=\u00bbleft\u00bb background_image_as_pattern=\u00bbwithout_pattern\u00bb background_color=\u00bb#0c3c49&#8243;][vc_column][vc_row_inner row_type=\u00bbrow\u00bb type=\u00bbgrid\u00bb text_align=\u00bbleft\u00bb padding_top=\u00bb10&#8243; padding_bottom=\u00bb10&#8243; css_animation=\u00bb\u00bb][vc_column_inner][vc_column_text] M\u00c1QUINA DE ENVASADO [\/vc_column_text][\/vc_column_inner][\/vc_row_inner][\/vc_column][\/vc_row][vc_row css_animation=\u00bb\u00bb row_type=\u00bbrow\u00bb use_row_as_full_screen_section=\u00bbno\u00bb type=\u00bbgrid\u00bb angled_section=\u00bbno\u00bb text_align=\u00bbleft\u00bb background_image_as_pattern=\u00bbwithout_pattern\u00bb padding_top=\u00bb30&#8243; padding_bottom=\u00bb30&#8243;][vc_column][vc_empty_space height=\u00bb25px\u00bb][vc_row_inner row_type=\u00bbrow\u00bb type=\u00bbfull_width\u00bb text_align=\u00bbleft\u00bb css_animation=\u00bb\u00bb][vc_column_inner width=\u00bb1\/2&#8243;][vc_single_image image=\u00bb1125&#8243;&#8230;<\/p>\n","protected":false},"author":1,"featured_media":0,"parent":0,"menu_order":0,"comment_status":"closed","ping_status":"closed","template":"full_width.php","meta":{"footnotes":""},"class_list":["post-1344","page","type-page","status-publish","hentry"],"_links":{"self":[{"href":"https:\/\/avbmachinery.com\/es\/wp-json\/wp\/v2\/pages\/1344"}],"collection":[{"href":"https:\/\/avbmachinery.com\/es\/wp-json\/wp\/v2\/pages"}],"about":[{"href":"https:\/\/avbmachinery.com\/es\/wp-json\/wp\/v2\/types\/page"}],"author":[{"embeddable":true,"href":"https:\/\/avbmachinery.com\/es\/wp-json\/wp\/v2\/users\/1"}],"replies":[{"embeddable":true,"href":"https:\/\/avbmachinery.com\/es\/wp-json\/wp\/v2\/comments?post=1344"}],"version-history":[{"count":2,"href":"https:\/\/avbmachinery.com\/es\/wp-json\/wp\/v2\/pages\/1344\/revisions"}],"predecessor-version":[{"id":1346,"href":"https:\/\/avbmachinery.com\/es\/wp-json\/wp\/v2\/pages\/1344\/revisions\/1346"}],"wp:attachment":[{"href":"https:\/\/avbmachinery.com\/es\/wp-json\/wp\/v2\/media?parent=1344"}],"curies":[{"name":"wp","href":"https:\/\/api.w.org\/{rel}","templated":true}]}}